{"id":339,"date":"2025-07-30T20:50:56","date_gmt":"2025-07-30T23:50:56","guid":{"rendered":"https:\/\/leea.uenf.br\/?page_id=339"},"modified":"2025-07-30T21:14:07","modified_gmt":"2025-07-31T00:14:07","slug":"pos-graduacao","status":"publish","type":"page","link":"https:\/\/leea.uenf.br\/?page_id=339","title":{"rendered":"P\u00f3s-gradua\u00e7\u00e3o"},"content":{"rendered":"\n\n","protected":false},"excerpt":{"rendered":"","protected":false},"author":1,"featured_media":0,"parent":0,"menu_order":0,"comment_status":"closed","ping_status":"closed","template":"page-corpo-docente","meta":{"saved_in_kubio":true,"footnotes":""},"class_list":["post-339","page","type-page","status-publish","hentry"],"kubio_ai_page_context":{"short_desc":"","purpose":"general"},"_links":{"self":[{"href":"https:\/\/leea.uenf.br\/index.php?rest_route=\/wp\/v2\/pages\/339","targetHints":{"allow":["GET"]}}],"collection":[{"href":"https:\/\/leea.uenf.br\/index.php?rest_route=\/wp\/v2\/pages"}],"about":[{"href":"https:\/\/leea.uenf.br\/index.php?rest_route=\/wp\/v2\/types\/page"}],"author":[{"embeddable":true,"href":"https:\/\/leea.uenf.br\/index.php?rest_route=\/wp\/v2\/users\/1"}],"replies":[{"embeddable":true,"href":"https:\/\/leea.uenf.br\/index.php?rest_route=%2Fwp%2Fv2%2Fcomments&post=339"}],"version-history":[{"count":4,"href":"https:\/\/leea.uenf.br\/index.php?rest_route=\/wp\/v2\/pages\/339\/revisions"}],"predecessor-version":[{"id":352,"href":"https:\/\/leea.uenf.br\/index.php?rest_route=\/wp\/v2\/pages\/339\/revisions\/352"}],"wp:attachment":[{"href":"https:\/\/leea.uenf.br\/index.php?rest_route=%2Fwp%2Fv2%2Fmedia&parent=339"}],"curies":[{"name":"wp","href":"https:\/\/api.w.org\/{rel}","templated":true}]}}